{"id":313,"date":"2020-01-20T15:24:55","date_gmt":"2020-01-20T14:24:55","guid":{"rendered":"http:\/\/lebercail.co\/?page_id=313"},"modified":"2021-06-02T15:37:15","modified_gmt":"2021-06-02T13:37:15","slug":"actualites","status":"publish","type":"page","link":"https:\/\/lebercail.co\/index.php\/actualites\/","title":{"rendered":"Actualit\u00e9s"},"content":{"rendered":"\n<div class=\"wp-block-media-text alignwide is-stacked-on-mobile\" style=\"grid-template-columns:29% auto\"><figure class=\"wp-block-media-text__media\"><img decoding=\"async\" width=\"768\" height=\"1024\" src=\"http:\/\/lebercail.co\/wp-content\/uploads\/2020\/02\/20200130_101711-768x1024.jpg\" alt=\"\" class=\"wp-image-543 size-full\" srcset=\"https:\/\/lebercail.co\/wp-content\/uploads\/2020\/02\/20200130_101711-768x1024.jpg 768w, https:\/\/lebercail.co\/wp-content\/uploads\/2020\/02\/20200130_101711-225x300.jpg 225w, https:\/\/lebercail.co\/wp-content\/uploads\/2020\/02\/20200130_101711-1152x1536.jpg 1152w, https:\/\/lebercail.co\/wp-content\/uploads\/2020\/02\/20200130_101711-1536x2048.jpg 1536w, https:\/\/lebercail.co\/wp-content\/uploads\/2020\/02\/20200130_101711-scaled.jpg 1920w\" sizes=\"(max-width: 768px) 100vw, 768px\" \/><\/figure><div class=\"wp-block-media-text__content\">\n<h2 class=\"wp-block-heading\">Toutes nos actualit\u00e9s sur Facebook<\/h2>\n\n\n\n<p><\/p>\n\n\n\n<h3 class=\"wp-block-heading\"> https:\/\/www.facebook.com\/lebercailenrequistanais\/<\/h3>\n\n\n\n<p><\/p>\n\n\n\n<p> <\/p>\n<\/div><\/div>\n\n\n\n<p> <\/p>\n\n\n\n<figure class=\"wp-block-gallery aligncenter columns-3 is-cropped wp-block-gallery-1 is-layout-flex wp-block-gallery-is-layout-flex\"><ul class=\"blocks-gallery-grid\"><li class=\"blocks-gallery-item\"><figure><img decoding=\"async\" width=\"768\" height=\"1024\" src=\"http:\/\/lebercail.co\/wp-content\/uploads\/2020\/02\/20200130_112449-768x1024.jpg\" alt=\"\" data-id=\"542\" data-full-url=\"http:\/\/lebercail.co\/wp-content\/uploads\/2020\/02\/20200130_112449-scaled.jpg\" data-link=\"http:\/\/lebercail.co\/20200130_112449\/\" class=\"wp-image-542\" srcset=\"https:\/\/lebercail.co\/wp-content\/uploads\/2020\/02\/20200130_112449-768x1024.jpg 768w, https:\/\/lebercail.co\/wp-content\/uploads\/2020\/02\/20200130_112449-225x300.jpg 225w, https:\/\/lebercail.co\/wp-content\/uploads\/2020\/02\/20200130_112449-1152x1536.jpg 1152w, https:\/\/lebercail.co\/wp-content\/uploads\/2020\/02\/20200130_112449-1536x2048.jpg 1536w, https:\/\/lebercail.co\/wp-content\/uploads\/2020\/02\/20200130_112449-scaled.jpg 1920w\" sizes=\"(max-width: 768px) 100vw, 768px\" \/><\/figure><\/li><li class=\"blocks-gallery-item\"><figure><img decoding=\"async\" width=\"768\" height=\"1024\" src=\"http:\/\/lebercail.co\/wp-content\/uploads\/2020\/02\/20200130_112331-768x1024.jpg\" alt=\"\" data-id=\"541\" data-full-url=\"http:\/\/lebercail.co\/wp-content\/uploads\/2020\/02\/20200130_112331-scaled.jpg\" data-link=\"http:\/\/lebercail.co\/20200130_112331\/\" class=\"wp-image-541\" srcset=\"https:\/\/lebercail.co\/wp-content\/uploads\/2020\/02\/20200130_112331-768x1024.jpg 768w, https:\/\/lebercail.co\/wp-content\/uploads\/2020\/02\/20200130_112331-225x300.jpg 225w, https:\/\/lebercail.co\/wp-content\/uploads\/2020\/02\/20200130_112331-1152x1536.jpg 1152w, https:\/\/lebercail.co\/wp-content\/uploads\/2020\/02\/20200130_112331-1536x2048.jpg 1536w, https:\/\/lebercail.co\/wp-content\/uploads\/2020\/02\/20200130_112331-scaled.jpg 1920w\" sizes=\"(max-width: 768px) 100vw, 768px\" \/><\/figure><\/li><li class=\"blocks-gallery-item\"><figure><img decoding=\"async\" width=\"1024\" height=\"669\" src=\"http:\/\/lebercail.co\/wp-content\/uploads\/2020\/02\/IMG_20200131_125039-1024x669.jpg\" alt=\"\" data-id=\"527\" data-full-url=\"http:\/\/lebercail.co\/wp-content\/uploads\/2020\/02\/IMG_20200131_125039-scaled.jpg\" data-link=\"http:\/\/lebercail.co\/img_20200131_125039\/\" class=\"wp-image-527\" srcset=\"https:\/\/lebercail.co\/wp-content\/uploads\/2020\/02\/IMG_20200131_125039-1024x669.jpg 1024w, https:\/\/lebercail.co\/wp-content\/uploads\/2020\/02\/IMG_20200131_125039-300x196.jpg 300w, https:\/\/lebercail.co\/wp-content\/uploads\/2020\/02\/IMG_20200131_125039-768x502.jpg 768w, https:\/\/lebercail.co\/wp-content\/uploads\/2020\/02\/IMG_20200131_125039-1536x1004.jpg 1536w, https:\/\/lebercail.co\/wp-content\/uploads\/2020\/02\/IMG_20200131_125039-2048x1338.jpg 2048w\" sizes=\"(max-width: 1024px) 100vw, 1024px\" \/><\/figure><\/li><li class=\"blocks-gallery-item\"><figure><img decoding=\"async\" width=\"1024\" height=\"370\" src=\"http:\/\/lebercail.co\/wp-content\/uploads\/2020\/02\/IMG_20200131_125021-1024x370.jpg\" alt=\"\" data-id=\"526\" data-full-url=\"http:\/\/lebercail.co\/wp-content\/uploads\/2020\/02\/IMG_20200131_125021-scaled.jpg\" data-link=\"http:\/\/lebercail.co\/img_20200131_125021\/\" class=\"wp-image-526\" srcset=\"https:\/\/lebercail.co\/wp-content\/uploads\/2020\/02\/IMG_20200131_125021-1024x370.jpg 1024w, https:\/\/lebercail.co\/wp-content\/uploads\/2020\/02\/IMG_20200131_125021-300x108.jpg 300w, https:\/\/lebercail.co\/wp-content\/uploads\/2020\/02\/IMG_20200131_125021-768x277.jpg 768w, https:\/\/lebercail.co\/wp-content\/uploads\/2020\/02\/IMG_20200131_125021-1536x554.jpg 1536w, https:\/\/lebercail.co\/wp-content\/uploads\/2020\/02\/IMG_20200131_125021-2048x739.jpg 2048w\" sizes=\"(max-width: 1024px) 100vw, 1024px\" \/><\/figure><\/li><li class=\"blocks-gallery-item\"><figure><img decoding=\"async\" width=\"1024\" height=\"1024\" src=\"http:\/\/lebercail.co\/wp-content\/uploads\/2020\/02\/IMG-20200131-WA0007-1024x1024.jpg\" alt=\"\" data-id=\"535\" data-full-url=\"http:\/\/lebercail.co\/wp-content\/uploads\/2020\/02\/IMG-20200131-WA0007.jpg\" data-link=\"http:\/\/lebercail.co\/img-20200131-wa0007\/\" class=\"wp-image-535\" srcset=\"https:\/\/lebercail.co\/wp-content\/uploads\/2020\/02\/IMG-20200131-WA0007.jpg 1024w, https:\/\/lebercail.co\/wp-content\/uploads\/2020\/02\/IMG-20200131-WA0007-300x300.jpg 300w, https:\/\/lebercail.co\/wp-content\/uploads\/2020\/02\/IMG-20200131-WA0007-150x150.jpg 150w, https:\/\/lebercail.co\/wp-content\/uploads\/2020\/02\/IMG-20200131-WA0007-768x768.jpg 768w\" sizes=\"(max-width: 1024px) 100vw, 1024px\" \/><\/figure><\/li><li class=\"blocks-gallery-item\"><figure><img decoding=\"async\" width=\"1024\" height=\"1024\" src=\"http:\/\/lebercail.co\/wp-content\/uploads\/2020\/02\/IMG-20200131-WA0009-1024x1024.jpg\" alt=\"\" data-id=\"537\" data-full-url=\"http:\/\/lebercail.co\/wp-content\/uploads\/2020\/02\/IMG-20200131-WA0009.jpg\" data-link=\"http:\/\/lebercail.co\/img-20200131-wa0009\/\" class=\"wp-image-537\" srcset=\"https:\/\/lebercail.co\/wp-content\/uploads\/2020\/02\/IMG-20200131-WA0009.jpg 1024w, https:\/\/lebercail.co\/wp-content\/uploads\/2020\/02\/IMG-20200131-WA0009-300x300.jpg 300w, https:\/\/lebercail.co\/wp-content\/uploads\/2020\/02\/IMG-20200131-WA0009-150x150.jpg 150w, https:\/\/lebercail.co\/wp-content\/uploads\/2020\/02\/IMG-20200131-WA0009-768x768.jpg 768w\" sizes=\"(max-width: 1024px) 100vw, 1024px\" \/><\/figure><\/li><\/ul><\/figure>\n\n\n\n<div class=\"wp-block-media-text alignwide is-stacked-on-mobile\"><figure class=\"wp-block-media-text__media\"><img decoding=\"async\" width=\"1000\" height=\"714\" src=\"http:\/\/lebercail.co\/wp-content\/uploads\/2020\/02\/boite.jpg\" alt=\"\" class=\"wp-image-584 size-full\" srcset=\"https:\/\/lebercail.co\/wp-content\/uploads\/2020\/02\/boite.jpg 1000w, https:\/\/lebercail.co\/wp-content\/uploads\/2020\/02\/boite-300x214.jpg 300w, https:\/\/lebercail.co\/wp-content\/uploads\/2020\/02\/boite-768x548.jpg 768w\" sizes=\"(max-width: 1000px) 100vw, 1000px\" \/><\/figure><div class=\"wp-block-media-text__content\">\n<p class=\"has-medium-font-size\">PARTICIPEZ ! <\/p>\n\n\n\n<p class=\"has-medium-font-size\">Bo\u00eete \u00e0 id\u00e9es permanente dans la verri\u00e8re du Bercail, accessible tous les matins de 10h \u00e0 13h (du lundi au samedi) ou <a rel=\"noreferrer noopener\" href=\"https:\/\/forms.gle\/4dkVxUi3x2VFtsxv8\" target=\"_blank\">cliquez ici <\/a>pour acc\u00e9der \u00e0 la bo\u00eete \u00e0 id\u00e9es num\u00e9rique. Merci d&rsquo;avance pour votre participation ! <\/p>\n<\/div><\/div>\n\n\n\n<h4 class=\"wp-block-heading\">A chaque probl\u00e9matique, une r\u00e9ponse via un rendez-vous, un contact, un atelier ou une r\u00e9union !<\/h4>\n\n\n\n<figure class=\"wp-block-image\"><img decoding=\"async\" src=\"http:\/\/lebercail.co\/wp-content\/uploads\/2020\/01\/Image10-1024x260.png\" alt=\"\"\/><\/figure>\n\n\n\n<p><\/p>\n","protected":false},"excerpt":{"rendered":"<p>Toutes nos actualit\u00e9s sur Facebook https:\/\/www.facebook.com\/lebercailenrequistanais\/ PARTICIPEZ ! Bo\u00eete \u00e0 id\u00e9es permanente dans la verri\u00e8re du Bercail, accessible tous les matins de 10h \u00e0 13h (du lundi au samedi) ou cliquez ici pour acc\u00e9der \u00e0 la bo\u00eete \u00e0 id\u00e9es num\u00e9rique. Merci d&rsquo;avance pour votre participation ! A chaque probl\u00e9matique, une r\u00e9ponse via un rendez-vous, un [&hellip;]<\/p>\n","protected":false},"author":1,"featured_media":0,"parent":0,"menu_order":0,"comment_status":"closed","ping_status":"closed","template":"","meta":{"_monsterinsights_skip_tracking":false,"_monsterinsights_sitenote_active":false,"_monsterinsights_sitenote_note":"","_monsterinsights_sitenote_category":0,"footnotes":""},"class_list":["post-313","page","type-page","status-publish","hentry"],"_links":{"self":[{"href":"https:\/\/lebercail.co\/index.php\/wp-json\/wp\/v2\/pages\/313","targetHints":{"allow":["GET"]}}],"collection":[{"href":"https:\/\/lebercail.co\/index.php\/wp-json\/wp\/v2\/pages"}],"about":[{"href":"https:\/\/lebercail.co\/index.php\/wp-json\/wp\/v2\/types\/page"}],"author":[{"embeddable":true,"href":"https:\/\/lebercail.co\/index.php\/wp-json\/wp\/v2\/users\/1"}],"replies":[{"embeddable":true,"href":"https:\/\/lebercail.co\/index.php\/wp-json\/wp\/v2\/comments?post=313"}],"version-history":[{"count":38,"href":"https:\/\/lebercail.co\/index.php\/wp-json\/wp\/v2\/pages\/313\/revisions"}],"predecessor-version":[{"id":745,"href":"https:\/\/lebercail.co\/index.php\/wp-json\/wp\/v2\/pages\/313\/revisions\/745"}],"wp:attachment":[{"href":"https:\/\/lebercail.co\/index.php\/wp-json\/wp\/v2\/media?parent=313"}],"curies":[{"name":"wp","href":"https:\/\/api.w.org\/{rel}","templated":true}]}}