{"id":468,"date":"2020-01-22T06:50:04","date_gmt":"2020-01-22T05:50:04","guid":{"rendered":"http:\/\/lebercail.co\/?page_id=468"},"modified":"2021-06-30T12:54:40","modified_gmt":"2021-06-30T10:54:40","slug":"acces","status":"publish","type":"page","link":"https:\/\/lebercail.co\/index.php\/acces\/","title":{"rendered":"Acc\u00e8s"},"content":{"rendered":"<div data-colibri-id=\"468-c1\" class=\"style-510 style-local-468-c1 position-relative\">\n  <!---->\n  <div data-colibri-component=\"section\" data-colibri-id=\"468-c2\" id=\"initial-content\" class=\"h-section h-section-global-spacing d-flex align-items-lg-center align-items-md-center align-items-center style-511 style-local-468-c2 position-relative\">\n    <!---->\n    <!---->\n    <div class=\"h-section-grid-container h-section-boxed-container\">\n      <!---->\n      <div data-colibri-id=\"468-c3\" class=\"h-row-container gutters-row-lg-2 gutters-row-md-2 gutters-row-0 gutters-row-v-lg-2 gutters-row-v-md-2 gutters-row-v-2 style-512 style-local-468-c3 position-relative\">\n        <!---->\n        <div class=\"h-row justify-content-lg-center justify-content-md-center justify-content-center align-items-lg-stretch align-items-md-stretch align-items-stretch gutters-col-lg-2 gutters-col-md-2 gutters-col-0 gutters-col-v-lg-2 gutters-col-v-md-2 gutters-col-v-2\">\n          <!---->\n          <div class=\"h-column h-column-container d-flex h-col-lg-auto h-col-md-auto h-col-auto style-513-outer style-local-468-c4-outer\">\n            <div data-colibri-id=\"468-c4\" class=\"d-flex h-flex-basis h-column__inner h-px-lg-2 h-px-md-2 h-px-2 v-inner-lg-2 v-inner-md-2 v-inner-2 style-513 style-local-468-c4 position-relative\">\n              <!---->\n              <!---->\n              <div class=\"w-100 h-y-container h-column__content h-column__v-align flex-basis-100 align-self-lg-start align-self-md-start align-self-start\">\n                <!---->\n                <div data-colibri-id=\"468-c5\" class=\"style-514 style-local-468-c5 position-relative h-element\">\n                  <!---->\n                  <div>\n                    <p style=\"text-align: center;\">\n                      <iframe style=\"border: 0;\" src=\"https:\/\/www.google.com\/maps\/embed?pb=!1m23!1m12!1m3!1d2868.509595521696!2d2.5335349155100633!3d44.03152767911015!2m3!1f0!2f0!3f0!3m2!1i1024!2i768!4f13.1!4m8!3e6!4m0!4m5!1s0x12b20b7f3db2d335%3A0x910f76e0accf3c6d!2s7%20Avenue%20Vall%C3%A9e%20du%20Tarn%2C%2012170%20Requista!3m2!1d44.0315277!2d2.5357236!5e0!3m2!1sfr!2sfr!4v1579675993296!5m2!1sfr!2sfr\"\n                        width=\"800\" height=\"450\" frameborder=\"0\" allowfullscreen=\"allowfullscreen\"><\/iframe>\n                    <\/p>\n\n                    \n                    <p class=\"has-text-align-center\"> <\/p>\n                    \n\n                    \n                    <p class=\"has-text-align-center\">Adresse : 7 avenue Vall\u00e9e du Tarn &#8211; 12 170 REQUISTA<\/p>\n                    \n\n                    \n                    <p> <\/p>\n                    \n\n                    \n                    <p class=\"has-text-align-center\">En venant d&rsquo;Albi : via le D903 passant par Valence d&rsquo;Albigeois.<\/p>\n                    \n\n                    \n                    <p class=\"has-text-align-center\">En venant de Rodez : via la D902 passant par La Primaube et Cassagnes-Beghon\u00e8s.<\/p>\n                    \n\n                    \n                    <div class=\"wp-block-image\">\n                      <figure class=\"aligncenter size-large\">\n                        <img decoding=\"async\" width=\"1024\" height=\"260\" src=\"http:\/\/lebercail.co\/wp-content\/uploads\/2020\/01\/Image10-1024x260.png\" alt=\"\" class=\"wp-image-142\" srcset=\"https:\/\/lebercail.co\/wp-content\/uploads\/2020\/01\/Image10-1024x260.png 1024w, https:\/\/lebercail.co\/wp-content\/uploads\/2020\/01\/Image10-300x76.png 300w, https:\/\/lebercail.co\/wp-content\/uploads\/2020\/01\/Image10-768x195.png 768w, https:\/\/lebercail.co\/wp-content\/uploads\/2020\/01\/Image10.png 1124w\" sizes=\"(max-width: 1024px) 100vw, 1024px\" \/>\n                      <\/figure>\n                    <\/div>\n                    \n\n                    \n                    <p class=\"has-text-align-center\">Parkings \u00e0 proximit\u00e9 : \u00e0 l&rsquo;\u00c9glise ou 22 avenue de Millau.<\/p>\n                    \n                  <\/div>\n                <\/div>\n              <\/div>\n            <\/div>\n          <\/div>\n        <\/div>\n      <\/div>\n    <\/div>\n  <\/div>\n<\/div>","protected":false},"excerpt":{"rendered":"<p>Adresse : 7 avenue Vall\u00e9e du Tarn &#8211; 12 170 REQUISTA En venant d&rsquo;Albi : via le D903 passant par Valence d&rsquo;Albigeois. En venant de Rodez : via la D902 passant par La Primaube et Cassagnes-Beghon\u00e8s. Parkings \u00e0 proximit\u00e9 : \u00e0 l&rsquo;\u00c9glise ou 22 avenue de Millau.<\/p>\n","protected":false},"author":1,"featured_media":0,"parent":0,"menu_order":0,"comment_status":"closed","ping_status":"closed","template":"page-templates\/full-width-page.php","meta":{"_monsterinsights_skip_tracking":false,"_monsterinsights_sitenote_active":false,"_monsterinsights_sitenote_note":"","_monsterinsights_sitenote_category":0,"footnotes":""},"class_list":["post-468","page","type-page","status-publish","hentry"],"_links":{"self":[{"href":"https:\/\/lebercail.co\/index.php\/wp-json\/wp\/v2\/pages\/468","targetHints":{"allow":["GET"]}}],"collection":[{"href":"https:\/\/lebercail.co\/index.php\/wp-json\/wp\/v2\/pages"}],"about":[{"href":"https:\/\/lebercail.co\/index.php\/wp-json\/wp\/v2\/types\/page"}],"author":[{"embeddable":true,"href":"https:\/\/lebercail.co\/index.php\/wp-json\/wp\/v2\/users\/1"}],"replies":[{"embeddable":true,"href":"https:\/\/lebercail.co\/index.php\/wp-json\/wp\/v2\/comments?post=468"}],"version-history":[{"count":11,"href":"https:\/\/lebercail.co\/index.php\/wp-json\/wp\/v2\/pages\/468\/revisions"}],"predecessor-version":[{"id":1105,"href":"https:\/\/lebercail.co\/index.php\/wp-json\/wp\/v2\/pages\/468\/revisions\/1105"}],"wp:attachment":[{"href":"https:\/\/lebercail.co\/index.php\/wp-json\/wp\/v2\/media?parent=468"}],"curies":[{"name":"wp","href":"https:\/\/api.w.org\/{rel}","templated":true}]}}