{"id":54,"date":"2020-01-15T23:19:21","date_gmt":"2020-01-15T22:19:21","guid":{"rendered":"http:\/\/lebercail.co\/?page_id=54"},"modified":"2020-12-24T12:24:56","modified_gmt":"2020-12-24T11:24:56","slug":"travaux","status":"publish","type":"page","link":"https:\/\/lebercail.co\/index.php\/travaux\/","title":{"rendered":"Projet et Travaux"},"content":{"rendered":"\n<h2 class=\"wp-block-heading\">Le projet en d\u00e9tails<\/h2>\n\n\n\n<p>Ce projet de la Communaut\u00e9 de Communes du R\u00e9quistanais est le fruit d&rsquo;une r\u00e9flexion depuis 2017 sur 3 projets distincts pour le territoire :<\/p>\n\n\n\n<ul class=\"wp-block-list\"><li>Un projet de MSAP (Maison de Services au Public)<\/li><li>Un projet de Maison du d\u00e9veloppement \u00e9conomique avec un espace de coworking<\/li><li>Un projet de P\u00f4le social<\/li><\/ul>\n\n\n\n<p>Et pourquoi pas un tiers-lieu structurant au pays de la brebis ?<\/p>\n\n\n\n<p>Le projet du Bercail a ainsi pour vocation de r\u00e9pondre aux probl\u00e9matiques sociales et \u00e9conomiques du territoire mise en \u00e9vidence par l&rsquo;enqu\u00eate de l&rsquo;\u00e9t\u00e9 2019 disponible ici. Cette enqu\u00eate est encore en cours, n&rsquo;h\u00e9sitez pas \u00e0 la remplir !<\/p>\n\n\n\n<p> La Communaut\u00e9 de Communes investit pour l\u2019am\u00e9nagement des \u00e9tages en 2020. Ce projet d\u2019investissement est cofinanc\u00e9 \u00e0 plus de 70% par l\u2019\u00c9tat, la R\u00e9gion et le Conseil D\u00e9partemental.<\/p>\n\n\n\n<figure class=\"wp-block-image\"><img decoding=\"async\" src=\"http:\/\/lebercail.co\/wp-content\/uploads\/2020\/01\/20190920_093136-Copier.jpg\" alt=\"\"\/><\/figure>\n\n\n\n<div class=\"wp-block-image\"><figure class=\"aligncenter size-large\"><img decoding=\"async\" width=\"1024\" height=\"435\" src=\"http:\/\/lebercail.co\/wp-content\/uploads\/2020\/01\/Image7-1024x435.png\" alt=\"\" class=\"wp-image-139\" srcset=\"https:\/\/lebercail.co\/wp-content\/uploads\/2020\/01\/Image7-1024x435.png 1024w, https:\/\/lebercail.co\/wp-content\/uploads\/2020\/01\/Image7-300x128.png 300w, https:\/\/lebercail.co\/wp-content\/uploads\/2020\/01\/Image7-768x327.png 768w, https:\/\/lebercail.co\/wp-content\/uploads\/2020\/01\/Image7.png 1124w\" sizes=\"(max-width: 1024px) 100vw, 1024px\" \/><\/figure><\/div>\n\n\n\n<p>Seul le rez-de-chauss\u00e9e du b\u00e2timent est actuellement accessible, les deux autres niveaux vont faire l\u2019objet de travaux d\u2019am\u00e9nagement au cours de l\u2019ann\u00e9e. Le march\u00e9 public a \u00e9t\u00e9 lanc\u00e9 en novembre 2019 et les entreprises retenues devait commencer le chantier en mars 2020. Cause Covid-19, le chantier a commenc\u00e9 en mai 2020 et se terminera au premier trimestre 2021.<\/p>\n\n\n\n<div class=\"wp-block-image\"><figure class=\"aligncenter\"><img decoding=\"async\" width=\"1024\" height=\"343\" src=\"http:\/\/lebercail.co\/wp-content\/uploads\/2020\/01\/IMG_0733-Copier-1024x343.jpg\" alt=\"\" class=\"wp-image-58\" srcset=\"https:\/\/lebercail.co\/wp-content\/uploads\/2020\/01\/IMG_0733-Copier-1024x343.jpg 1024w, https:\/\/lebercail.co\/wp-content\/uploads\/2020\/01\/IMG_0733-Copier-300x101.jpg 300w, https:\/\/lebercail.co\/wp-content\/uploads\/2020\/01\/IMG_0733-Copier-768x257.jpg 768w, https:\/\/lebercail.co\/wp-content\/uploads\/2020\/01\/IMG_0733-Copier.jpg 1280w\" sizes=\"(max-width: 1024px) 100vw, 1024px\" \/><\/figure><\/div>\n\n\n\n<div class=\"wp-block-group\"><div class=\"wp-block-group__inner-container is-layout-flow wp-block-group-is-layout-flow\">\n<figure class=\"wp-block-gallery columns-3 is-cropped wp-block-gallery-1 is-layout-flex wp-block-gallery-is-layout-flex\"><ul class=\"blocks-gallery-grid\"><li class=\"blocks-gallery-item\"><figure><img decoding=\"async\" width=\"1024\" height=\"768\" src=\"http:\/\/lebercail.co\/wp-content\/uploads\/2020\/01\/travaux05-1024x768.jpg\" alt=\"\" data-id=\"64\" data-link=\"http:\/\/lebercail.co\/index.php\/travaux\/travaux05\/\" class=\"wp-image-64\" srcset=\"https:\/\/lebercail.co\/wp-content\/uploads\/2020\/01\/travaux05-1024x768.jpg 1024w, https:\/\/lebercail.co\/wp-content\/uploads\/2020\/01\/travaux05-300x225.jpg 300w, https:\/\/lebercail.co\/wp-content\/uploads\/2020\/01\/travaux05-768x576.jpg 768w, https:\/\/lebercail.co\/wp-content\/uploads\/2020\/01\/travaux05.jpg 1600w\" sizes=\"(max-width: 1024px) 100vw, 1024px\" \/><\/figure><\/li><li class=\"blocks-gallery-item\"><figure><img decoding=\"async\" width=\"1024\" height=\"343\" src=\"http:\/\/lebercail.co\/wp-content\/uploads\/2020\/01\/IMG_0733-Copier-1024x343.jpg\" alt=\"\" data-id=\"58\" data-link=\"http:\/\/lebercail.co\/index.php\/travaux\/img_0733-copier\/\" class=\"wp-image-58\" srcset=\"https:\/\/lebercail.co\/wp-content\/uploads\/2020\/01\/IMG_0733-Copier-1024x343.jpg 1024w, https:\/\/lebercail.co\/wp-content\/uploads\/2020\/01\/IMG_0733-Copier-300x101.jpg 300w, https:\/\/lebercail.co\/wp-content\/uploads\/2020\/01\/IMG_0733-Copier-768x257.jpg 768w, https:\/\/lebercail.co\/wp-content\/uploads\/2020\/01\/IMG_0733-Copier.jpg 1280w\" sizes=\"(max-width: 1024px) 100vw, 1024px\" \/><\/figure><\/li><li class=\"blocks-gallery-item\"><figure><img decoding=\"async\" width=\"1024\" height=\"768\" src=\"http:\/\/lebercail.co\/wp-content\/uploads\/2020\/01\/travaux04-1024x768.jpg\" alt=\"\" data-id=\"63\" data-link=\"http:\/\/lebercail.co\/index.php\/travaux\/travaux04\/\" class=\"wp-image-63\" srcset=\"https:\/\/lebercail.co\/wp-content\/uploads\/2020\/01\/travaux04-1024x768.jpg 1024w, https:\/\/lebercail.co\/wp-content\/uploads\/2020\/01\/travaux04-300x225.jpg 300w, https:\/\/lebercail.co\/wp-content\/uploads\/2020\/01\/travaux04-768x576.jpg 768w, https:\/\/lebercail.co\/wp-content\/uploads\/2020\/01\/travaux04.jpg 1600w\" sizes=\"(max-width: 1024px) 100vw, 1024px\" \/><\/figure><\/li><li class=\"blocks-gallery-item\"><figure><img decoding=\"async\" width=\"1024\" height=\"768\" src=\"http:\/\/lebercail.co\/wp-content\/uploads\/2020\/01\/travaux03-1024x768.jpg\" alt=\"\" data-id=\"62\" data-link=\"http:\/\/lebercail.co\/index.php\/travaux\/travaux03\/\" class=\"wp-image-62\" srcset=\"https:\/\/lebercail.co\/wp-content\/uploads\/2020\/01\/travaux03-1024x768.jpg 1024w, https:\/\/lebercail.co\/wp-content\/uploads\/2020\/01\/travaux03-300x225.jpg 300w, https:\/\/lebercail.co\/wp-content\/uploads\/2020\/01\/travaux03-768x576.jpg 768w\" sizes=\"(max-width: 1024px) 100vw, 1024px\" \/><\/figure><\/li><li class=\"blocks-gallery-item\"><figure><img decoding=\"async\" width=\"1024\" height=\"768\" src=\"http:\/\/lebercail.co\/wp-content\/uploads\/2020\/01\/travaux02-1024x768.jpg\" alt=\"\" data-id=\"61\" data-link=\"http:\/\/lebercail.co\/index.php\/travaux\/travaux02\/\" class=\"wp-image-61\" srcset=\"https:\/\/lebercail.co\/wp-content\/uploads\/2020\/01\/travaux02-1024x768.jpg 1024w, https:\/\/lebercail.co\/wp-content\/uploads\/2020\/01\/travaux02-300x225.jpg 300w, https:\/\/lebercail.co\/wp-content\/uploads\/2020\/01\/travaux02-768x576.jpg 768w\" sizes=\"(max-width: 1024px) 100vw, 1024px\" \/><\/figure><\/li><li class=\"blocks-gallery-item\"><figure><img decoding=\"async\" width=\"1024\" height=\"576\" src=\"http:\/\/lebercail.co\/wp-content\/uploads\/2020\/01\/travaux01-1024x576.jpg\" alt=\"\" data-id=\"60\" data-link=\"http:\/\/lebercail.co\/index.php\/travaux\/travaux01\/\" class=\"wp-image-60\" srcset=\"https:\/\/lebercail.co\/wp-content\/uploads\/2020\/01\/travaux01-1024x576.jpg 1024w, https:\/\/lebercail.co\/wp-content\/uploads\/2020\/01\/travaux01-300x169.jpg 300w, https:\/\/lebercail.co\/wp-content\/uploads\/2020\/01\/travaux01-768x432.jpg 768w, https:\/\/lebercail.co\/wp-content\/uploads\/2020\/01\/travaux01.jpg 1600w\" sizes=\"(max-width: 1024px) 100vw, 1024px\" \/><\/figure><\/li><li class=\"blocks-gallery-item\"><figure><img decoding=\"async\" width=\"1024\" height=\"277\" src=\"http:\/\/lebercail.co\/wp-content\/uploads\/2020\/01\/IMG_0734-Copier-1024x277.jpg\" alt=\"\" data-id=\"59\" data-link=\"http:\/\/lebercail.co\/index.php\/travaux\/img_0734-copier\/\" class=\"wp-image-59\" srcset=\"https:\/\/lebercail.co\/wp-content\/uploads\/2020\/01\/IMG_0734-Copier-1024x277.jpg 1024w, https:\/\/lebercail.co\/wp-content\/uploads\/2020\/01\/IMG_0734-Copier-300x81.jpg 300w, https:\/\/lebercail.co\/wp-content\/uploads\/2020\/01\/IMG_0734-Copier-768x208.jpg 768w, https:\/\/lebercail.co\/wp-content\/uploads\/2020\/01\/IMG_0734-Copier.jpg 1280w\" sizes=\"(max-width: 1024px) 100vw, 1024px\" \/><\/figure><\/li><li class=\"blocks-gallery-item\"><figure><img decoding=\"async\" width=\"1024\" height=\"768\" src=\"http:\/\/lebercail.co\/wp-content\/uploads\/2020\/01\/travaux06-1024x768.jpg\" alt=\"\" data-id=\"65\" data-link=\"http:\/\/lebercail.co\/index.php\/travaux\/travaux06\/\" class=\"wp-image-65\" srcset=\"https:\/\/lebercail.co\/wp-content\/uploads\/2020\/01\/travaux06-1024x768.jpg 1024w, https:\/\/lebercail.co\/wp-content\/uploads\/2020\/01\/travaux06-300x225.jpg 300w, https:\/\/lebercail.co\/wp-content\/uploads\/2020\/01\/travaux06-768x576.jpg 768w, https:\/\/lebercail.co\/wp-content\/uploads\/2020\/01\/travaux06.jpg 1600w\" sizes=\"(max-width: 1024px) 100vw, 1024px\" \/><\/figure><\/li><li class=\"blocks-gallery-item\"><figure><img decoding=\"async\" width=\"1024\" height=\"768\" src=\"http:\/\/lebercail.co\/wp-content\/uploads\/2020\/01\/travaux07-1024x768.jpg\" alt=\"\" data-id=\"66\" data-link=\"http:\/\/lebercail.co\/index.php\/travaux\/travaux07\/\" class=\"wp-image-66\" srcset=\"https:\/\/lebercail.co\/wp-content\/uploads\/2020\/01\/travaux07-1024x768.jpg 1024w, https:\/\/lebercail.co\/wp-content\/uploads\/2020\/01\/travaux07-300x225.jpg 300w, https:\/\/lebercail.co\/wp-content\/uploads\/2020\/01\/travaux07-768x576.jpg 768w, https:\/\/lebercail.co\/wp-content\/uploads\/2020\/01\/travaux07.jpg 1600w\" sizes=\"(max-width: 1024px) 100vw, 1024px\" \/><\/figure><\/li><li class=\"blocks-gallery-item\"><figure><img decoding=\"async\" width=\"1024\" height=\"768\" src=\"http:\/\/lebercail.co\/wp-content\/uploads\/2020\/01\/travaux08-1024x768.jpg\" alt=\"\" data-id=\"67\" data-link=\"http:\/\/lebercail.co\/index.php\/travaux\/travaux08\/\" class=\"wp-image-67\" srcset=\"https:\/\/lebercail.co\/wp-content\/uploads\/2020\/01\/travaux08-1024x768.jpg 1024w, https:\/\/lebercail.co\/wp-content\/uploads\/2020\/01\/travaux08-300x225.jpg 300w, https:\/\/lebercail.co\/wp-content\/uploads\/2020\/01\/travaux08-768x576.jpg 768w, https:\/\/lebercail.co\/wp-content\/uploads\/2020\/01\/travaux08.jpg 1600w\" sizes=\"(max-width: 1024px) 100vw, 1024px\" \/><\/figure><\/li><li class=\"blocks-gallery-item\"><figure><img decoding=\"async\" width=\"1024\" height=\"768\" src=\"http:\/\/lebercail.co\/wp-content\/uploads\/2020\/01\/travaux09-1024x768.jpg\" alt=\"\" data-id=\"68\" data-link=\"http:\/\/lebercail.co\/index.php\/travaux\/travaux09\/\" class=\"wp-image-68\" srcset=\"https:\/\/lebercail.co\/wp-content\/uploads\/2020\/01\/travaux09-1024x768.jpg 1024w, https:\/\/lebercail.co\/wp-content\/uploads\/2020\/01\/travaux09-300x225.jpg 300w, https:\/\/lebercail.co\/wp-content\/uploads\/2020\/01\/travaux09-768x576.jpg 768w, https:\/\/lebercail.co\/wp-content\/uploads\/2020\/01\/travaux09.jpg 1600w\" sizes=\"(max-width: 1024px) 100vw, 1024px\" \/><\/figure><\/li><li class=\"blocks-gallery-item\"><figure><img decoding=\"async\" width=\"1024\" height=\"768\" src=\"http:\/\/lebercail.co\/wp-content\/uploads\/2020\/01\/travaux10-1024x768.jpg\" alt=\"\" data-id=\"69\" data-link=\"http:\/\/lebercail.co\/index.php\/travaux\/travaux10\/\" class=\"wp-image-69\" srcset=\"https:\/\/lebercail.co\/wp-content\/uploads\/2020\/01\/travaux10-1024x768.jpg 1024w, https:\/\/lebercail.co\/wp-content\/uploads\/2020\/01\/travaux10-300x225.jpg 300w, https:\/\/lebercail.co\/wp-content\/uploads\/2020\/01\/travaux10-768x576.jpg 768w, https:\/\/lebercail.co\/wp-content\/uploads\/2020\/01\/travaux10.jpg 1600w\" sizes=\"(max-width: 1024px) 100vw, 1024px\" \/><\/figure><\/li><\/ul><\/figure>\n<\/div><\/div>\n\n\n\n<p>Le projet architectural ne porte que sur le niveau 1 et 2, l&rsquo;am\u00e9nagement du troisi\u00e8me \u00e9tage \u00e9tant trop co\u00fbteux par rapport \u00e0 la surface utilisable (toit en pente)<\/p>\n\n\n\n<div class=\"wp-block-image\"><figure class=\"aligncenter size-full\"><img decoding=\"async\" width=\"1220\" height=\"780\" src=\"http:\/\/lebercail.co\/wp-content\/uploads\/2020\/01\/plan1.png\" alt=\"\" class=\"wp-image-358\" srcset=\"https:\/\/lebercail.co\/wp-content\/uploads\/2020\/01\/plan1.png 1220w, https:\/\/lebercail.co\/wp-content\/uploads\/2020\/01\/plan1-300x192.png 300w, https:\/\/lebercail.co\/wp-content\/uploads\/2020\/01\/plan1-1024x655.png 1024w, https:\/\/lebercail.co\/wp-content\/uploads\/2020\/01\/plan1-768x491.png 768w\" sizes=\"(max-width: 1220px) 100vw, 1220px\" \/><\/figure><\/div>\n\n\n\n<div class=\"wp-block-image\"><figure class=\"aligncenter size-full\"><img decoding=\"async\" width=\"1464\" height=\"929\" src=\"http:\/\/lebercail.co\/wp-content\/uploads\/2020\/01\/plan2.png\" alt=\"\" class=\"wp-image-359\" srcset=\"https:\/\/lebercail.co\/wp-content\/uploads\/2020\/01\/plan2.png 1464w, https:\/\/lebercail.co\/wp-content\/uploads\/2020\/01\/plan2-300x190.png 300w, https:\/\/lebercail.co\/wp-content\/uploads\/2020\/01\/plan2-1024x650.png 1024w, https:\/\/lebercail.co\/wp-content\/uploads\/2020\/01\/plan2-768x487.png 768w\" sizes=\"(max-width: 1464px) 100vw, 1464px\" \/><\/figure><\/div>\n","protected":false},"excerpt":{"rendered":"<p>Le projet en d\u00e9tails Ce projet de la Communaut\u00e9 de Communes du R\u00e9quistanais est le fruit d&rsquo;une r\u00e9flexion depuis 2017 sur 3 projets distincts pour le territoire : Un projet de MSAP (Maison de Services au Public) Un projet de Maison du d\u00e9veloppement \u00e9conomique avec un espace de coworking Un projet de P\u00f4le social Et [&hellip;]<\/p>\n","protected":false},"author":1,"featured_media":0,"parent":0,"menu_order":0,"comment_status":"closed","ping_status":"closed","template":"","meta":{"_monsterinsights_skip_tracking":false,"_monsterinsights_sitenote_active":false,"_monsterinsights_sitenote_note":"","_monsterinsights_sitenote_category":0,"footnotes":""},"class_list":["post-54","page","type-page","status-publish","hentry"],"_links":{"self":[{"href":"https:\/\/lebercail.co\/index.php\/wp-json\/wp\/v2\/pages\/54","targetHints":{"allow":["GET"]}}],"collection":[{"href":"https:\/\/lebercail.co\/index.php\/wp-json\/wp\/v2\/pages"}],"about":[{"href":"https:\/\/lebercail.co\/index.php\/wp-json\/wp\/v2\/types\/page"}],"author":[{"embeddable":true,"href":"https:\/\/lebercail.co\/index.php\/wp-json\/wp\/v2\/users\/1"}],"replies":[{"embeddable":true,"href":"https:\/\/lebercail.co\/index.php\/wp-json\/wp\/v2\/comments?post=54"}],"version-history":[{"count":11,"href":"https:\/\/lebercail.co\/index.php\/wp-json\/wp\/v2\/pages\/54\/revisions"}],"predecessor-version":[{"id":722,"href":"https:\/\/lebercail.co\/index.php\/wp-json\/wp\/v2\/pages\/54\/revisions\/722"}],"wp:attachment":[{"href":"https:\/\/lebercail.co\/index.php\/wp-json\/wp\/v2\/media?parent=54"}],"curies":[{"name":"wp","href":"https:\/\/api.w.org\/{rel}","templated":true}]}}